{"id":1629,"date":"2025-12-18T16:13:51","date_gmt":"2025-12-18T15:13:51","guid":{"rendered":"https:\/\/p-gjia14.project.space\/?page_id=1629"},"modified":"2026-02-16T16:16:31","modified_gmt":"2026-02-16T15:16:31","slug":"impressum","status":"publish","type":"page","link":"https:\/\/backend.modico.com\/pl\/odcisk\/","title":{"rendered":"Nadruk"},"content":{"rendered":"<section class=\"bde-section-1629-100 bde-section\">\n  \n  \n\t\n\n\n\n<div class=\"section-container\"><div class=\"bde-text-1629-104 bde-text\">\nModico GmbH &amp; Co KG<br>Auenstrasse 19<br>D-86438 Ca\u0142owanie<br><br>Telefon: +49 (8233) 73863-0<br>Faks: +49 (8233) 73863-50<br><br>E-Mail: info@modico.com<br>Internet: www.modico.com<br><br>S\u0105d lokalny w Augsburgu, HRA 20692<br>Komplementariusz: modico Verwaltungs-GmbH, S\u0105d Rejonowy w Augsburgu, HRB 36399<br>Dyrektor zarz\u0105dzaj\u0105cy: Joachim Kuon<br><br>Numer identyfikacyjny VAT DE258632231<br><br>Alternatywne rozstrzyganie spor\u00f3w zgodnie z art. 14 ust. 1 ODR-VO i \u00a7 36 VSBG:<br>Komisja Europejska zapewnia platform\u0119 internetowego rozstrzygania spor\u00f3w (OS), kt\u00f3r\u0105 mo\u017cna znale\u017a\u0107 pod adresem https:\/\/ec.europa.eu\/consumers\/odr\/. Nie jeste\u015bmy zobowi\u0105zani ani ch\u0119tni do udzia\u0142u w procedurze rozstrzygania spor\u00f3w przed komisj\u0105 arbitra\u017cow\u0105 ds. konsument\u00f3w.\n<\/div><\/div>\n<\/section>","protected":false},"excerpt":{"rendered":"<p>Modico GmbH &#038; Co KGAuenstra\u00dfe 19D-86438 KissingTel.: +49 (8233) 73863-0Fax: +49 (8233) 73863-50E-Mail: info@modico.comInternet: www.modico.comAmtsgericht Augsburg, HRA 20692Komplement\u00e4rin: modico Verwaltungs-GmbH, Amtsgericht Augsburg, HRB 36399Gesch\u00e4ftsf\u00fchrer: Joachim KuonUst.-IDNr. DE258632231Alternative Streitbeilegung gem\u00e4\u00df Art. 14 Abs. 1 ODR-VO und \u00a7 36 VSBG:Die Europ\u00e4ische Kommission stellt eine Plattform zur Online-Streitbeilegung (OS) bereit, die Sie unter https:\/\/ec.europa.eu\/consumers\/odr\/ finden. Zur Teilnahme an [&hellip;]<\/p>\n","protected":false},"author":2,"featured_media":0,"parent":0,"menu_order":5,"comment_status":"closed","ping_status":"closed","template":"","meta":{"_acf_changed":false,"_breakdance_hide_in_design_set":false,"_breakdance_tags":"","footnotes":""},"class_list":["post-1629","page","type-page","status-publish","hentry"],"acf":[],"_links":{"self":[{"href":"https:\/\/backend.modico.com\/pl\/wp-json\/wp\/v2\/pages\/1629","targetHints":{"allow":["GET"]}}],"collection":[{"href":"https:\/\/backend.modico.com\/pl\/wp-json\/wp\/v2\/pages"}],"about":[{"href":"https:\/\/backend.modico.com\/pl\/wp-json\/wp\/v2\/types\/page"}],"author":[{"embeddable":true,"href":"https:\/\/backend.modico.com\/pl\/wp-json\/wp\/v2\/users\/2"}],"replies":[{"embeddable":true,"href":"https:\/\/backend.modico.com\/pl\/wp-json\/wp\/v2\/comments?post=1629"}],"version-history":[{"count":3,"href":"https:\/\/backend.modico.com\/pl\/wp-json\/wp\/v2\/pages\/1629\/revisions"}],"predecessor-version":[{"id":2939,"href":"https:\/\/backend.modico.com\/pl\/wp-json\/wp\/v2\/pages\/1629\/revisions\/2939"}],"wp:attachment":[{"href":"https:\/\/backend.modico.com\/pl\/wp-json\/wp\/v2\/media?parent=1629"}],"curies":[{"name":"wp","href":"https:\/\/api.w.org\/{rel}","templated":true}]}}