{"id":1629,"date":"2025-12-18T16:13:51","date_gmt":"2025-12-18T15:13:51","guid":{"rendered":"https:\/\/p-gjia14.project.space\/?page_id=1629"},"modified":"2026-02-16T16:16:31","modified_gmt":"2026-02-16T15:16:31","slug":"impressum","status":"publish","type":"page","link":"https:\/\/backend.modico.com\/es\/imprimir\/","title":{"rendered":"Pie de imprenta"},"content":{"rendered":"<section class=\"bde-section-1629-100 bde-section\">\n  \n  \n\t\n\n\n\n<div class=\"section-container\"><div class=\"bde-text-1629-104 bde-text\">\nModico GmbH &amp; Co KG<br>Auenstrasse 19<br>D-86438 Besar<br><br>Tel\u00e9fono: +49 (8233) 73863-0<br>Fax: +49 (8233) 73863-50<br><br>E-Mail: info@modico.com<br>Internet: www.modico.com<br><br>Juzgado de Primera Instancia de Augsburgo, HRA 20692<br>Socio colectivo: modico Verwaltungs-GmbH, Juzgado de Primera Instancia de Augsburgo, HRB 36399<br>Director General: Joachim Kuon<br><br>NIF IVA DE258632231<br><br>Resoluci\u00f3n alternativa de litigios de conformidad con el art. 14, apdo. 1 de la ODR-VO y el art. 36 de la VSBG:<br>La Comisi\u00f3n Europea ofrece una plataforma para la resoluci\u00f3n de litigios en l\u00ednea (OS), que puede encontrar en https:\/\/ec.europa.eu\/consumers\/odr\/. No estamos obligados ni dispuestos a participar en un procedimiento de resoluci\u00f3n de litigios ante una junta arbitral de consumo.\n<\/div><\/div>\n<\/section>","protected":false},"excerpt":{"rendered":"<p>Modico GmbH &#038; Co KGAuenstra\u00dfe 19D-86438 KissingTel.: +49 (8233) 73863-0Fax: +49 (8233) 73863-50E-Mail: info@modico.comInternet: www.modico.comAmtsgericht Augsburg, HRA 20692Komplement\u00e4rin: modico Verwaltungs-GmbH, Amtsgericht Augsburg, HRB 36399Gesch\u00e4ftsf\u00fchrer: Joachim KuonUst.-IDNr. DE258632231Alternative Streitbeilegung gem\u00e4\u00df Art. 14 Abs. 1 ODR-VO und \u00a7 36 VSBG:Die Europ\u00e4ische Kommission stellt eine Plattform zur Online-Streitbeilegung (OS) bereit, die Sie unter https:\/\/ec.europa.eu\/consumers\/odr\/ finden. Zur Teilnahme an [&hellip;]<\/p>\n","protected":false},"author":2,"featured_media":0,"parent":0,"menu_order":5,"comment_status":"closed","ping_status":"closed","template":"","meta":{"_acf_changed":false,"_breakdance_hide_in_design_set":false,"_breakdance_tags":"","footnotes":""},"class_list":["post-1629","page","type-page","status-publish","hentry"],"acf":[],"_links":{"self":[{"href":"https:\/\/backend.modico.com\/es\/wp-json\/wp\/v2\/pages\/1629","targetHints":{"allow":["GET"]}}],"collection":[{"href":"https:\/\/backend.modico.com\/es\/wp-json\/wp\/v2\/pages"}],"about":[{"href":"https:\/\/backend.modico.com\/es\/wp-json\/wp\/v2\/types\/page"}],"author":[{"embeddable":true,"href":"https:\/\/backend.modico.com\/es\/wp-json\/wp\/v2\/users\/2"}],"replies":[{"embeddable":true,"href":"https:\/\/backend.modico.com\/es\/wp-json\/wp\/v2\/comments?post=1629"}],"version-history":[{"count":3,"href":"https:\/\/backend.modico.com\/es\/wp-json\/wp\/v2\/pages\/1629\/revisions"}],"predecessor-version":[{"id":2939,"href":"https:\/\/backend.modico.com\/es\/wp-json\/wp\/v2\/pages\/1629\/revisions\/2939"}],"wp:attachment":[{"href":"https:\/\/backend.modico.com\/es\/wp-json\/wp\/v2\/media?parent=1629"}],"curies":[{"name":"wp","href":"https:\/\/api.w.org\/{rel}","templated":true}]}}