{"id":1629,"date":"2025-12-18T16:13:51","date_gmt":"2025-12-18T15:13:51","guid":{"rendered":"https:\/\/p-gjia14.project.space\/?page_id=1629"},"modified":"2026-02-16T16:16:31","modified_gmt":"2026-02-16T15:16:31","slug":"impressum","status":"publish","type":"page","link":"https:\/\/backend.modico.com\/cs\/otisk\/","title":{"rendered":"Otisk"},"content":{"rendered":"<section class=\"bde-section-1629-100 bde-section\">\n  \n  \n\t\n\n\n\n<div class=\"section-container\"><div class=\"bde-text-1629-104 bde-text\">\nModico GmbH &amp; Co KG<br>Auenstrasse 19<br>D-86438 L\u00edb\u00e1n\u00ed<br><br>Telefon: +49 (8233) 73863-0<br>Fax: +49 (8233) 73863-50<br><br>E-Mail: info@modico.com<br>Internet: www.modico.com<br><br>M\u00edstn\u00ed soud Augsburg, HRA 20692<br>Gener\u00e1ln\u00ed partner: modico Verwaltungs-GmbH, Augsburg Local Court, HRB 36399<br>V\u00fdkonn\u00fd \u0159editel: Joachim Kuon<br><br>DI\u010c DE258632231<br><br>Alternativn\u00ed \u0159e\u0161en\u00ed spor\u016f podle \u010dl. 14 odst. 1 ODR-VO a \u00a7 36 VSBG:<br>Evropsk\u00e1 komise poskytuje platformu pro online \u0159e\u0161en\u00ed spor\u016f (OS), kterou najdete na adrese https:\/\/ec.europa.eu\/consumers\/odr\/. Nejsme povinni ani ochotni \u00fa\u010dastnit se \u0159\u00edzen\u00ed o \u0159e\u0161en\u00ed spor\u016f p\u0159ed rozhod\u010d\u00ed komis\u00ed pro spot\u0159ebitelsk\u00e9 spory.\n<\/div><\/div>\n<\/section>","protected":false},"excerpt":{"rendered":"<p>Modico GmbH &#038; Co KGAuenstra\u00dfe 19D-86438 KissingTel.: +49 (8233) 73863-0Fax: +49 (8233) 73863-50E-Mail: info@modico.comInternet: www.modico.comAmtsgericht Augsburg, HRA 20692Komplement\u00e4rin: modico Verwaltungs-GmbH, Amtsgericht Augsburg, HRB 36399Gesch\u00e4ftsf\u00fchrer: Joachim KuonUst.-IDNr. DE258632231Alternative Streitbeilegung gem\u00e4\u00df Art. 14 Abs. 1 ODR-VO und \u00a7 36 VSBG:Die Europ\u00e4ische Kommission stellt eine Plattform zur Online-Streitbeilegung (OS) bereit, die Sie unter https:\/\/ec.europa.eu\/consumers\/odr\/ finden. Zur Teilnahme an [&hellip;]<\/p>\n","protected":false},"author":2,"featured_media":0,"parent":0,"menu_order":5,"comment_status":"closed","ping_status":"closed","template":"","meta":{"_acf_changed":false,"_breakdance_hide_in_design_set":false,"_breakdance_tags":"","footnotes":""},"class_list":["post-1629","page","type-page","status-publish","hentry"],"acf":[],"_links":{"self":[{"href":"https:\/\/backend.modico.com\/cs\/wp-json\/wp\/v2\/pages\/1629","targetHints":{"allow":["GET"]}}],"collection":[{"href":"https:\/\/backend.modico.com\/cs\/wp-json\/wp\/v2\/pages"}],"about":[{"href":"https:\/\/backend.modico.com\/cs\/wp-json\/wp\/v2\/types\/page"}],"author":[{"embeddable":true,"href":"https:\/\/backend.modico.com\/cs\/wp-json\/wp\/v2\/users\/2"}],"replies":[{"embeddable":true,"href":"https:\/\/backend.modico.com\/cs\/wp-json\/wp\/v2\/comments?post=1629"}],"version-history":[{"count":3,"href":"https:\/\/backend.modico.com\/cs\/wp-json\/wp\/v2\/pages\/1629\/revisions"}],"predecessor-version":[{"id":2939,"href":"https:\/\/backend.modico.com\/cs\/wp-json\/wp\/v2\/pages\/1629\/revisions\/2939"}],"wp:attachment":[{"href":"https:\/\/backend.modico.com\/cs\/wp-json\/wp\/v2\/media?parent=1629"}],"curies":[{"name":"wp","href":"https:\/\/api.w.org\/{rel}","templated":true}]}}